{"id":9,"date":"2019-03-30T21:01:52","date_gmt":"2019-03-30T21:01:52","guid":{"rendered":"http:\/\/stars-and-bars.de\/?page_id=9"},"modified":"2026-01-05T21:35:10","modified_gmt":"2026-01-05T21:35:10","slug":"die-band","status":"publish","type":"page","link":"https:\/\/stars-in-bars.com\/?page_id=9","title":{"rendered":"Die Band"},"content":{"rendered":"\n<p>&#8222;Stars in Bars&#8220; stehen f\u00fcr fetzigen Rhythm`n`Blues aus Celle.&nbsp; <\/p>\n\n\n\n<p>Die Band besteht seit 1993 und hat zur Zeit folgende Besetzung:<\/p>\n\n\n\n<figure class=\"wp-block-video\"><video height=\"540\" style=\"aspect-ratio: 960 \/ 540;\" width=\"960\" controls src=\"https:\/\/stars-in-bars.com\/wp-content\/uploads\/2024\/09\/SiB-S1-komprimiert.mp4\"><\/video><figcaption class=\"wp-element-caption\">Film by Axel <a href=\"http:\/\/brunottefilm.de\/medien.htm\" target=\"_blank\" rel=\"noreferrer noopener\">Brunotte<\/a><\/figcaption><\/figure>\n\n\n\n<p><\/p>\n\n\n\n<p><\/p>\n\n\n\n<p>Die <a rel=\"noreferrer noopener\" aria-label=\"Bandgeschichte (\u00f6ffnet in neuem Tab)\" href=\"http:\/\/stars-and-bars.de\/?page_id=97\" target=\"_blank\">Bandgeschichte<\/a> ist fest verwurzelt mit Rudis &#8222;S\u00fcdheidehof&#8220;. Dort befindet sich der Proberaum der Band. Der S\u00fcdheidehof hat sich einen Namen als Ort vielf\u00e4ltiger kultureller Begegnungen gemacht. So steht zum Beispiel neben Jazzkonzerten auch das j\u00e4hrliche &#8222;Blues in Scharnhorst&#8220; Festival auf dem Programm. Die Einnahmen gehen zu Gunsten von PLAN International. Schaut gerne auf der Website des <a rel=\"noreferrer noopener\" aria-label=\" (\u00f6ffnet in neuem Tab)\" href=\"https:\/\/www.suedheidehof.de\" target=\"_blank\">S\u00fcdheidehofs<\/a> vorbei!<\/p>\n\n\n\n<p>Gr\u00fc\u00dfe aus dem Bandraum vom <a rel=\"noreferrer noopener\" href=\"https:\/\/www.suedheidehof.de\/\" target=\"_blank\">S\u00fcdheidehof<\/a>.<\/p>\n\n\n\n<p>Stars-in-bars.com 2026<\/p>\n\n\n\n<p><\/p>\n\n\n\n<p><br><\/p>\n\n\n\n<p class=\"has-medium-font-size\"><br><\/p>\n","protected":false},"excerpt":{"rendered":"<p>&#8222;Stars in Bars&#8220; stehen f\u00fcr fetzigen Rhythm`n`Blues aus Celle.&nbsp; Die Band besteht seit 1993 und hat zur Zeit folgende Besetzung: Die Bandgeschichte ist fest verwurzelt mit Rudis &#8222;S\u00fcdheidehof&#8220;. Dort befindet<\/p>\n<p class=\"more-link\"><a href=\"https:\/\/stars-in-bars.com\/?page_id=9\" class=\"readmore\">Continue reading<span class=\"screen-reader-text\">Die Band<\/span><\/a><\/p>\n","protected":false},"author":1,"featured_media":884,"parent":0,"menu_order":0,"comment_status":"closed","ping_status":"closed","template":"templates\/no-sidebar.php","meta":{"footnotes":""},"class_list":["post-9","page","type-page","status-publish","has-post-thumbnail","hentry"],"_links":{"self":[{"href":"https:\/\/stars-in-bars.com\/index.php?rest_route=\/wp\/v2\/pages\/9","targetHints":{"allow":["GET"]}}],"collection":[{"href":"https:\/\/stars-in-bars.com\/index.php?rest_route=\/wp\/v2\/pages"}],"about":[{"href":"https:\/\/stars-in-bars.com\/index.php?rest_route=\/wp\/v2\/types\/page"}],"author":[{"embeddable":true,"href":"https:\/\/stars-in-bars.com\/index.php?rest_route=\/wp\/v2\/users\/1"}],"replies":[{"embeddable":true,"href":"https:\/\/stars-in-bars.com\/index.php?rest_route=%2Fwp%2Fv2%2Fcomments&post=9"}],"version-history":[{"count":30,"href":"https:\/\/stars-in-bars.com\/index.php?rest_route=\/wp\/v2\/pages\/9\/revisions"}],"predecessor-version":[{"id":1828,"href":"https:\/\/stars-in-bars.com\/index.php?rest_route=\/wp\/v2\/pages\/9\/revisions\/1828"}],"wp:featuredmedia":[{"embeddable":true,"href":"https:\/\/stars-in-bars.com\/index.php?rest_route=\/wp\/v2\/media\/884"}],"wp:attachment":[{"href":"https:\/\/stars-in-bars.com\/index.php?rest_route=%2Fwp%2Fv2%2Fmedia&parent=9"}],"curies":[{"name":"wp","href":"https:\/\/api.w.org\/{rel}","templated":true}]}}